{"id":2207,"date":"2025-10-14T15:56:59","date_gmt":"2025-10-14T19:56:59","guid":{"rendered":"https:\/\/www.osela.com\/wp\/?p=2207"},"modified":"2025-11-27T16:37:11","modified_gmt":"2025-11-27T16:37:11","slug":"carrieres","status":"publish","type":"page","link":"https:\/\/www.osela.com\/fr\/carrieres\/","title":{"rendered":"Carri\u00e8res"},"content":{"rendered":"<p>Osela offre un environnement de travail innovant dans une atmosph\u00e8re familiale depuis plus de 10 ans. Nous cherchons constamment \u00e0 \u00e9largir notre \u00e9quipe de personnes talentueuses en ajoutant des membres qui peuvent aider l&rsquo;entreprise \u00e0 progresser \u00e0 tous les niveaux, des professionnels exp\u00e9riment\u00e9s aux employ\u00e9s aspirants et comp\u00e9tents.<\/p>\n<p>Chez Osela, l&rsquo;esprit d&rsquo;\u00e9quipe, le d\u00e9veloppement des employ\u00e9s et l&rsquo;engagement sont au c\u0153ur de nos valeurs. Nous nous soucions profond\u00e9ment de nos employ\u00e9s et souhaitons leur offrir les meilleures conditions de travail ainsi que des opportunit\u00e9s de croissance, de confiance et d&rsquo;autonomie. Nos employ\u00e9s appr\u00e9cient particuli\u00e8rement la flexibilit\u00e9 des emplois stimulants que nous offrons et l&rsquo;esprit d&rsquo;\u00e9quipe pr\u00e9sent au sein des diff\u00e9rents d\u00e9partements. L&rsquo;apprentissage continu et le d\u00e9veloppement des comp\u00e9tences sont \u00e9galement fortement encourag\u00e9s par nos directeurs et chefs d&rsquo;\u00e9quipe.<\/p>\n<p>Envoyez-nous votre CV ou postulez \u00e0 l&rsquo;une de nos offres d&#8217;emploi ci-dessous pour rejoindre notre \u00e9quipe!<\/p>\n","protected":false},"excerpt":{"rendered":"<p>Osela offre un environnement de travail innovant dans une atmosph\u00e8re familiale depuis plus de 10 ans. Nous cherchons constamment \u00e0 \u00e9largir notre \u00e9quipe de personnes talentueuses en ajoutant des membres qui peuvent aider l&rsquo;entreprise \u00e0 progresser \u00e0 tous les niveaux, des professionnels exp\u00e9riment\u00e9s aux employ\u00e9s aspirants et comp\u00e9tents. Chez Osela, &hellip;<\/p>\n","protected":false},"author":1,"featured_media":0,"parent":0,"menu_order":0,"comment_status":"closed","ping_status":"closed","template":"template-jobs.blade.php","meta":{"_acf_changed":false,"_relevanssi_hide_post":"","_relevanssi_hide_content":"","_relevanssi_pin_for_all":"","_relevanssi_pin_keywords":"","_relevanssi_unpin_keywords":"","_relevanssi_related_keywords":"","_relevanssi_related_include_ids":"","_relevanssi_related_exclude_ids":"","_relevanssi_related_no_append":"","_relevanssi_related_not_related":"","_relevanssi_related_posts":"","_relevanssi_noindex_reason":"","footnotes":""},"class_list":["post-2207","page","type-page","status-publish","hentry"],"acf":[],"yoast_head":"<!-- This site is optimized with the Yoast SEO plugin v26.6 - https:\/\/yoast.com\/wordpress\/plugins\/seo\/ -->\n<title>Carri\u00e8res - Osela<\/title>\n<meta name=\"robots\" content=\"index, follow, max-snippet:-1, max-image-preview:large, max-video-preview:-1\" \/>\n<link rel=\"canonical\" href=\"https:\/\/www.osela.com\/fr\/carrieres\/\" \/>\n<meta property=\"og:locale\" content=\"fr_CA\" \/>\n<meta property=\"og:type\" content=\"article\" \/>\n<meta property=\"og:title\" content=\"Carri\u00e8res - Osela\" \/>\n<meta property=\"og:description\" content=\"Osela offre un environnement de travail innovant dans une atmosph\u00e8re familiale depuis plus de 10 ans. Nous cherchons constamment \u00e0 \u00e9largir notre \u00e9quipe de personnes talentueuses en ajoutant des membres qui peuvent aider l&rsquo;entreprise \u00e0 progresser \u00e0 tous les niveaux, des professionnels exp\u00e9riment\u00e9s aux employ\u00e9s aspirants et comp\u00e9tents. Chez Osela, &hellip;\" \/>\n<meta property=\"og:url\" content=\"https:\/\/www.osela.com\/fr\/carrieres\/\" \/>\n<meta property=\"og:site_name\" content=\"Osela\" \/>\n<meta property=\"article:modified_time\" content=\"2025-11-27T16:37:11+00:00\" \/>\n<meta property=\"og:image\" content=\"https:\/\/www.osela.com\/app\/uploads\/2025\/10\/osela-img-share-fb.jpg\" \/>\n\t<meta property=\"og:image:width\" content=\"1200\" \/>\n\t<meta property=\"og:image:height\" content=\"627\" \/>\n\t<meta property=\"og:image:type\" content=\"image\/jpeg\" \/>\n<meta name=\"twitter:card\" content=\"summary_large_image\" \/>\n<script type=\"application\/ld+json\" class=\"yoast-schema-graph\">{\"@context\":\"https:\/\/schema.org\",\"@graph\":[{\"@type\":\"WebPage\",\"@id\":\"https:\/\/www.osela.com\/fr\/carrieres\/\",\"url\":\"https:\/\/www.osela.com\/fr\/carrieres\/\",\"name\":\"Carri\u00e8res - Osela\",\"isPartOf\":{\"@id\":\"https:\/\/www.osela.com\/fr\/#website\"},\"datePublished\":\"2025-10-14T19:56:59+00:00\",\"dateModified\":\"2025-11-27T16:37:11+00:00\",\"breadcrumb\":{\"@id\":\"https:\/\/www.osela.com\/fr\/carrieres\/#breadcrumb\"},\"inLanguage\":\"fr-CA\",\"potentialAction\":[{\"@type\":\"ReadAction\",\"target\":[\"https:\/\/www.osela.com\/fr\/carrieres\/\"]}]},{\"@type\":\"BreadcrumbList\",\"@id\":\"https:\/\/www.osela.com\/fr\/carrieres\/#breadcrumb\",\"itemListElement\":[{\"@type\":\"ListItem\",\"position\":1,\"name\":\"Accueil\",\"item\":\"https:\/\/www.osela.com\/fr\/\"},{\"@type\":\"ListItem\",\"position\":2,\"name\":\"Carri\u00e8res\"}]},{\"@type\":\"WebSite\",\"@id\":\"https:\/\/www.osela.com\/fr\/#website\",\"url\":\"https:\/\/www.osela.com\/fr\/\",\"name\":\"Osela\",\"description\":\"\",\"publisher\":{\"@id\":\"https:\/\/www.osela.com\/fr\/#organization\"},\"potentialAction\":[{\"@type\":\"SearchAction\",\"target\":{\"@type\":\"EntryPoint\",\"urlTemplate\":\"https:\/\/www.osela.com\/fr\/?s={search_term_string}\"},\"query-input\":{\"@type\":\"PropertyValueSpecification\",\"valueRequired\":true,\"valueName\":\"search_term_string\"}}],\"inLanguage\":\"fr-CA\"},{\"@type\":\"Organization\",\"@id\":\"https:\/\/www.osela.com\/fr\/#organization\",\"name\":\"Osela\",\"url\":\"https:\/\/www.osela.com\/fr\/\",\"logo\":{\"@type\":\"ImageObject\",\"inLanguage\":\"fr-CA\",\"@id\":\"https:\/\/www.osela.com\/fr\/#\/schema\/logo\/image\/\",\"url\":\"https:\/\/www.osela.com\/app\/uploads\/2025\/10\/osela-img-share-fb.jpg\",\"contentUrl\":\"https:\/\/www.osela.com\/app\/uploads\/2025\/10\/osela-img-share-fb.jpg\",\"width\":1200,\"height\":627,\"caption\":\"Osela\"},\"image\":{\"@id\":\"https:\/\/www.osela.com\/fr\/#\/schema\/logo\/image\/\"}}]}<\/script>\n<!-- \/ Yoast SEO plugin. -->","yoast_head_json":{"title":"Carri\u00e8res - Osela","robots":{"index":"index","follow":"follow","max-snippet":"max-snippet:-1","max-image-preview":"max-image-preview:large","max-video-preview":"max-video-preview:-1"},"canonical":"https:\/\/www.osela.com\/fr\/carrieres\/","og_locale":"fr_CA","og_type":"article","og_title":"Carri\u00e8res - Osela","og_description":"Osela offre un environnement de travail innovant dans une atmosph\u00e8re familiale depuis plus de 10 ans. Nous cherchons constamment \u00e0 \u00e9largir notre \u00e9quipe de personnes talentueuses en ajoutant des membres qui peuvent aider l&rsquo;entreprise \u00e0 progresser \u00e0 tous les niveaux, des professionnels exp\u00e9riment\u00e9s aux employ\u00e9s aspirants et comp\u00e9tents. Chez Osela, &hellip;","og_url":"https:\/\/www.osela.com\/fr\/carrieres\/","og_site_name":"Osela","article_modified_time":"2025-11-27T16:37:11+00:00","og_image":[{"width":1200,"height":627,"url":"https:\/\/www.osela.com\/app\/uploads\/2025\/10\/osela-img-share-fb.jpg","type":"image\/jpeg"}],"twitter_card":"summary_large_image","schema":{"@context":"https:\/\/schema.org","@graph":[{"@type":"WebPage","@id":"https:\/\/www.osela.com\/fr\/carrieres\/","url":"https:\/\/www.osela.com\/fr\/carrieres\/","name":"Carri\u00e8res - Osela","isPartOf":{"@id":"https:\/\/www.osela.com\/fr\/#website"},"datePublished":"2025-10-14T19:56:59+00:00","dateModified":"2025-11-27T16:37:11+00:00","breadcrumb":{"@id":"https:\/\/www.osela.com\/fr\/carrieres\/#breadcrumb"},"inLanguage":"fr-CA","potentialAction":[{"@type":"ReadAction","target":["https:\/\/www.osela.com\/fr\/carrieres\/"]}]},{"@type":"BreadcrumbList","@id":"https:\/\/www.osela.com\/fr\/carrieres\/#breadcrumb","itemListElement":[{"@type":"ListItem","position":1,"name":"Accueil","item":"https:\/\/www.osela.com\/fr\/"},{"@type":"ListItem","position":2,"name":"Carri\u00e8res"}]},{"@type":"WebSite","@id":"https:\/\/www.osela.com\/fr\/#website","url":"https:\/\/www.osela.com\/fr\/","name":"Osela","description":"","publisher":{"@id":"https:\/\/www.osela.com\/fr\/#organization"},"potentialAction":[{"@type":"SearchAction","target":{"@type":"EntryPoint","urlTemplate":"https:\/\/www.osela.com\/fr\/?s={search_term_string}"},"query-input":{"@type":"PropertyValueSpecification","valueRequired":true,"valueName":"search_term_string"}}],"inLanguage":"fr-CA"},{"@type":"Organization","@id":"https:\/\/www.osela.com\/fr\/#organization","name":"Osela","url":"https:\/\/www.osela.com\/fr\/","logo":{"@type":"ImageObject","inLanguage":"fr-CA","@id":"https:\/\/www.osela.com\/fr\/#\/schema\/logo\/image\/","url":"https:\/\/www.osela.com\/app\/uploads\/2025\/10\/osela-img-share-fb.jpg","contentUrl":"https:\/\/www.osela.com\/app\/uploads\/2025\/10\/osela-img-share-fb.jpg","width":1200,"height":627,"caption":"Osela"},"image":{"@id":"https:\/\/www.osela.com\/fr\/#\/schema\/logo\/image\/"}}]}},"_links":{"self":[{"href":"https:\/\/www.osela.com\/fr\/wp-json\/wp\/v2\/pages\/2207","targetHints":{"allow":["GET"]}}],"collection":[{"href":"https:\/\/www.osela.com\/fr\/wp-json\/wp\/v2\/pages"}],"about":[{"href":"https:\/\/www.osela.com\/fr\/wp-json\/wp\/v2\/types\/page"}],"author":[{"embeddable":true,"href":"https:\/\/www.osela.com\/fr\/wp-json\/wp\/v2\/users\/1"}],"replies":[{"embeddable":true,"href":"https:\/\/www.osela.com\/fr\/wp-json\/wp\/v2\/comments?post=2207"}],"version-history":[{"count":0,"href":"https:\/\/www.osela.com\/fr\/wp-json\/wp\/v2\/pages\/2207\/revisions"}],"wp:attachment":[{"href":"https:\/\/www.osela.com\/fr\/wp-json\/wp\/v2\/media?parent=2207"}],"curies":[{"name":"wp","href":"https:\/\/api.w.org\/{rel}","templated":true}]}}